{"id":999,"date":"2023-06-06T11:05:24","date_gmt":"2023-06-06T07:35:24","guid":{"rendered":"https:\/\/tmoy.local\/product\/machined-water-pump-housing-ef7\/"},"modified":"2025-09-13T09:43:27","modified_gmt":"2025-09-13T06:13:27","slug":"machined-water-pump-housing-ef7","status":"publish","type":"product","link":"https:\/\/tmoyas.com.tr\/tr\/product\/machined-water-pump-housing-ef7\/","title":{"rendered":"\u0130\u015flenmi\u015f Su Pompas\u0131 Muhafazas\u0131 - EF7"},"content":{"rendered":"","protected":false},"excerpt":{"rendered":"","protected":false},"featured_media":1787,"comment_status":"open","ping_status":"closed","template":"","meta":[],"product_brand":[],"product_cat":[17],"product_tag":[],"class_list":{"0":"post-999","1":"product","2":"type-product","3":"status-publish","4":"has-post-thumbnail","6":"product_cat-machined-die-cast-housing","8":"first","9":"instock","10":"shipping-taxable","11":"purchasable","12":"product-type-simple"},"_links":{"self":[{"href":"https:\/\/tmoyas.com.tr\/tr\/wp-json\/wp\/v2\/product\/999","targetHints":{"allow":["GET"]}}],"collection":[{"href":"https:\/\/tmoyas.com.tr\/tr\/wp-json\/wp\/v2\/product"}],"about":[{"href":"https:\/\/tmoyas.com.tr\/tr\/wp-json\/wp\/v2\/types\/product"}],"replies":[{"embeddable":true,"href":"https:\/\/tmoyas.com.tr\/tr\/wp-json\/wp\/v2\/comments?post=999"}],"wp:featuredmedia":[{"embeddable":true,"href":"https:\/\/tmoyas.com.tr\/tr\/wp-json\/wp\/v2\/media\/1787"}],"wp:attachment":[{"href":"https:\/\/tmoyas.com.tr\/tr\/wp-json\/wp\/v2\/media?parent=999"}],"wp:term":[{"taxonomy":"product_brand","embeddable":true,"href":"https:\/\/tmoyas.com.tr\/tr\/wp-json\/wp\/v2\/product_brand?post=999"},{"taxonomy":"product_cat","embeddable":true,"href":"https:\/\/tmoyas.com.tr\/tr\/wp-json\/wp\/v2\/product_cat?post=999"},{"taxonomy":"product_tag","embeddable":true,"href":"https:\/\/tmoyas.com.tr\/tr\/wp-json\/wp\/v2\/product_tag?post=999"}],"curies":[{"name":"wp","href":"https:\/\/api.w.org\/{rel}","templated":true}]}}