{"id":421,"date":"2024-09-11T15:25:38","date_gmt":"2024-09-11T11:55:38","guid":{"rendered":"https:\/\/tmoy.local\/?post_type=product&#038;p=421"},"modified":"2025-09-06T17:18:21","modified_gmt":"2025-09-06T13:48:21","slug":"cam-carrier-s81","status":"publish","type":"product","link":"https:\/\/tmoyas.com.tr\/tr\/product\/cam-carrier-s81\/","title":{"rendered":"Eksantrik Mili Ta\u015f\u0131y\u0131c\u0131s\u0131 - S81"},"content":{"rendered":"","protected":false},"excerpt":{"rendered":"","protected":false},"featured_media":435,"comment_status":"open","ping_status":"closed","template":"","meta":[],"product_brand":[],"product_cat":[17],"product_tag":[],"class_list":{"0":"post-421","1":"product","2":"type-product","3":"status-publish","4":"has-post-thumbnail","6":"product_cat-machined-die-cast-housing","8":"first","9":"instock","10":"shipping-taxable","11":"purchasable","12":"product-type-simple"},"_links":{"self":[{"href":"https:\/\/tmoyas.com.tr\/tr\/wp-json\/wp\/v2\/product\/421","targetHints":{"allow":["GET"]}}],"collection":[{"href":"https:\/\/tmoyas.com.tr\/tr\/wp-json\/wp\/v2\/product"}],"about":[{"href":"https:\/\/tmoyas.com.tr\/tr\/wp-json\/wp\/v2\/types\/product"}],"replies":[{"embeddable":true,"href":"https:\/\/tmoyas.com.tr\/tr\/wp-json\/wp\/v2\/comments?post=421"}],"wp:featuredmedia":[{"embeddable":true,"href":"https:\/\/tmoyas.com.tr\/tr\/wp-json\/wp\/v2\/media\/435"}],"wp:attachment":[{"href":"https:\/\/tmoyas.com.tr\/tr\/wp-json\/wp\/v2\/media?parent=421"}],"wp:term":[{"taxonomy":"product_brand","embeddable":true,"href":"https:\/\/tmoyas.com.tr\/tr\/wp-json\/wp\/v2\/product_brand?post=421"},{"taxonomy":"product_cat","embeddable":true,"href":"https:\/\/tmoyas.com.tr\/tr\/wp-json\/wp\/v2\/product_cat?post=421"},{"taxonomy":"product_tag","embeddable":true,"href":"https:\/\/tmoyas.com.tr\/tr\/wp-json\/wp\/v2\/product_tag?post=421"}],"curies":[{"name":"wp","href":"https:\/\/api.w.org\/{rel}","templated":true}]}}