{"id":1145,"date":"2023-06-07T05:49:26","date_gmt":"2023-06-07T02:19:26","guid":{"rendered":"https:\/\/tmoy.local\/product\/oil-filter-support-cap-tu5\/"},"modified":"2025-09-09T17:33:52","modified_gmt":"2025-09-09T14:03:52","slug":"oil-filter-support-cap-tu5","status":"publish","type":"product","link":"https:\/\/tmoyas.com.tr\/tr\/product\/oil-filter-support-cap-tu5\/","title":{"rendered":"Ya\u011f Filtresi Destek Kapa\u011f\u0131 - TU5"},"content":{"rendered":"","protected":false},"excerpt":{"rendered":"","protected":false},"featured_media":1733,"comment_status":"open","ping_status":"closed","template":"","meta":[],"product_brand":[],"product_cat":[21,20],"product_tag":[],"class_list":{"0":"post-1145","1":"product","2":"type-product","3":"status-publish","4":"has-post-thumbnail","6":"product_cat-oil-filter-support","7":"product_cat-oil-pump","9":"first","10":"instock","11":"shipping-taxable","12":"purchasable","13":"product-type-simple"},"_links":{"self":[{"href":"https:\/\/tmoyas.com.tr\/tr\/wp-json\/wp\/v2\/product\/1145","targetHints":{"allow":["GET"]}}],"collection":[{"href":"https:\/\/tmoyas.com.tr\/tr\/wp-json\/wp\/v2\/product"}],"about":[{"href":"https:\/\/tmoyas.com.tr\/tr\/wp-json\/wp\/v2\/types\/product"}],"replies":[{"embeddable":true,"href":"https:\/\/tmoyas.com.tr\/tr\/wp-json\/wp\/v2\/comments?post=1145"}],"wp:featuredmedia":[{"embeddable":true,"href":"https:\/\/tmoyas.com.tr\/tr\/wp-json\/wp\/v2\/media\/1733"}],"wp:attachment":[{"href":"https:\/\/tmoyas.com.tr\/tr\/wp-json\/wp\/v2\/media?parent=1145"}],"wp:term":[{"taxonomy":"product_brand","embeddable":true,"href":"https:\/\/tmoyas.com.tr\/tr\/wp-json\/wp\/v2\/product_brand?post=1145"},{"taxonomy":"product_cat","embeddable":true,"href":"https:\/\/tmoyas.com.tr\/tr\/wp-json\/wp\/v2\/product_cat?post=1145"},{"taxonomy":"product_tag","embeddable":true,"href":"https:\/\/tmoyas.com.tr\/tr\/wp-json\/wp\/v2\/product_tag?post=1145"}],"curies":[{"name":"wp","href":"https:\/\/api.w.org\/{rel}","templated":true}]}}