{"id":1118,"date":"2023-06-06T12:40:11","date_gmt":"2023-06-06T09:10:11","guid":{"rendered":"https:\/\/tmoy.local\/product\/machined-rocker-arm-body-tu3\/"},"modified":"2025-09-09T17:46:32","modified_gmt":"2025-09-09T14:16:32","slug":"machined-rocker-arm-body-tu3","status":"publish","type":"product","link":"https:\/\/tmoyas.com.tr\/tr\/product\/machined-rocker-arm-body-tu3\/","title":{"rendered":"\u0130\u015flenmi\u015f S\u00fcpap \u0130ti\u015f Par\u00e7as\u0131 G\u00f6vdesi - TU3"},"content":{"rendered":"","protected":false},"excerpt":{"rendered":"","protected":false},"featured_media":1761,"comment_status":"open","ping_status":"closed","template":"","meta":[],"product_brand":[],"product_cat":[17],"product_tag":[],"class_list":{"0":"post-1118","1":"product","2":"type-product","3":"status-publish","4":"has-post-thumbnail","6":"product_cat-machined-die-cast-housing","8":"first","9":"instock","10":"shipping-taxable","11":"purchasable","12":"product-type-simple"},"_links":{"self":[{"href":"https:\/\/tmoyas.com.tr\/tr\/wp-json\/wp\/v2\/product\/1118","targetHints":{"allow":["GET"]}}],"collection":[{"href":"https:\/\/tmoyas.com.tr\/tr\/wp-json\/wp\/v2\/product"}],"about":[{"href":"https:\/\/tmoyas.com.tr\/tr\/wp-json\/wp\/v2\/types\/product"}],"replies":[{"embeddable":true,"href":"https:\/\/tmoyas.com.tr\/tr\/wp-json\/wp\/v2\/comments?post=1118"}],"wp:featuredmedia":[{"embeddable":true,"href":"https:\/\/tmoyas.com.tr\/tr\/wp-json\/wp\/v2\/media\/1761"}],"wp:attachment":[{"href":"https:\/\/tmoyas.com.tr\/tr\/wp-json\/wp\/v2\/media?parent=1118"}],"wp:term":[{"taxonomy":"product_brand","embeddable":true,"href":"https:\/\/tmoyas.com.tr\/tr\/wp-json\/wp\/v2\/product_brand?post=1118"},{"taxonomy":"product_cat","embeddable":true,"href":"https:\/\/tmoyas.com.tr\/tr\/wp-json\/wp\/v2\/product_cat?post=1118"},{"taxonomy":"product_tag","embeddable":true,"href":"https:\/\/tmoyas.com.tr\/tr\/wp-json\/wp\/v2\/product_tag?post=1118"}],"curies":[{"name":"wp","href":"https:\/\/api.w.org\/{rel}","templated":true}]}}