{"id":1000,"date":"2023-06-06T11:12:14","date_gmt":"2023-06-06T07:42:14","guid":{"rendered":"https:\/\/tmoy.local\/product\/machined-water-pump-housing-nissan\/"},"modified":"2025-09-13T09:42:59","modified_gmt":"2025-09-13T06:12:59","slug":"machined-water-pump-housing-nissan","status":"publish","type":"product","link":"https:\/\/tmoyas.com.tr\/tr\/product\/machined-water-pump-housing-nissan\/","title":{"rendered":"\u0130\u015flenmi\u015f Su Pompas\u0131 Muhafazas\u0131 - Nissan"},"content":{"rendered":"","protected":false},"excerpt":{"rendered":"","protected":false},"featured_media":1786,"comment_status":"open","ping_status":"closed","template":"","meta":[],"product_brand":[],"product_cat":[17],"product_tag":[],"class_list":{"0":"post-1000","1":"product","2":"type-product","3":"status-publish","4":"has-post-thumbnail","6":"product_cat-machined-die-cast-housing","8":"first","9":"instock","10":"shipping-taxable","11":"purchasable","12":"product-type-simple"},"_links":{"self":[{"href":"https:\/\/tmoyas.com.tr\/tr\/wp-json\/wp\/v2\/product\/1000","targetHints":{"allow":["GET"]}}],"collection":[{"href":"https:\/\/tmoyas.com.tr\/tr\/wp-json\/wp\/v2\/product"}],"about":[{"href":"https:\/\/tmoyas.com.tr\/tr\/wp-json\/wp\/v2\/types\/product"}],"replies":[{"embeddable":true,"href":"https:\/\/tmoyas.com.tr\/tr\/wp-json\/wp\/v2\/comments?post=1000"}],"wp:featuredmedia":[{"embeddable":true,"href":"https:\/\/tmoyas.com.tr\/tr\/wp-json\/wp\/v2\/media\/1786"}],"wp:attachment":[{"href":"https:\/\/tmoyas.com.tr\/tr\/wp-json\/wp\/v2\/media?parent=1000"}],"wp:term":[{"taxonomy":"product_brand","embeddable":true,"href":"https:\/\/tmoyas.com.tr\/tr\/wp-json\/wp\/v2\/product_brand?post=1000"},{"taxonomy":"product_cat","embeddable":true,"href":"https:\/\/tmoyas.com.tr\/tr\/wp-json\/wp\/v2\/product_cat?post=1000"},{"taxonomy":"product_tag","embeddable":true,"href":"https:\/\/tmoyas.com.tr\/tr\/wp-json\/wp\/v2\/product_tag?post=1000"}],"curies":[{"name":"wp","href":"https:\/\/api.w.org\/{rel}","templated":true}]}}