{"id":1646,"date":"2025-09-09T11:08:14","date_gmt":"2025-09-09T07:38:14","guid":{"rendered":"https:\/\/tmoy.local\/?page_id=1646"},"modified":"2025-09-09T11:08:14","modified_gmt":"2025-09-09T07:38:14","slug":"quality-statement","status":"publish","type":"page","link":"https:\/\/tmoyas.com.tr\/tr\/quality-statement\/","title":{"rendered":"Kalite Beyan\u0131"},"content":{"rendered":"<p>TMOY Co., m\u00fc\u015fterilerin \u00f6zel ihtiya\u00e7lar\u0131n\u0131 kar\u015f\u0131layarak memnuniyetlerini sa\u011flamay\u0131 ve g\u00fcvenlerini kazanmay\u0131 hedeflemektedir.<br>A\u015fa\u011f\u0131daki hedefleri takip ediyoruz:<\/p>\n\n\n\n<ul class=\"wp-block-list\">\n<li>\u00dcr\u00fcn kalitemizi s\u00fcrekli geli\u015ftirerek \u015firketimizin temel hedefi olan m\u00fc\u015fteri memnuniyetini art\u0131rmay\u0131 ve zaman\u0131nda teslimat\u0131 sa\u011flamay\u0131 ama\u00e7l\u0131yoruz.<\/li>\n\n\n\n<li>Maliyetleri ve at\u0131klar\u0131 azaltmak, verimlili\u011fi art\u0131rmak ve s\u0131f\u0131r at\u0131k \u00fcretime ula\u015fmak<\/li>\n\n\n\n<li>Hatas\u0131z s\u00fcre\u00e7ler geli\u015ftirmek i\u00e7in donan\u0131ml\u0131 bir otomotiv laboratuvar\u0131na sahip olmak<\/li>\n\n\n\n<li>\u00dcr\u00fcnlerimizin en y\u00fcksek kalitesini korumak i\u00e7in tedarik\u00e7ilerin s\u00fcrekli de\u011ferlendirilmesi ve do\u011frulanmas\u0131<\/li>\n\n\n\n<li>G\u00fcvenli bir \u00e7al\u0131\u015fma ortam\u0131 sa\u011flamak ve \u00e7al\u0131\u015fan ba\u011fl\u0131l\u0131\u011f\u0131n\u0131 art\u0131rmak<\/li>\n\n\n\n<li>Personelin mesleki yetkinliklerini geli\u015ftirmek amac\u0131yla e\u011fitim sistemine \u00f6zel \u00f6nem vermek<\/li>\n<\/ul>","protected":false},"excerpt":{"rendered":"<p>TMOY Co. seeks to satisfy customers and gain their trust by meeting their specific needs.We are pursuing the following objectives:<\/p>","protected":false},"author":1,"featured_media":0,"parent":0,"menu_order":0,"comment_status":"closed","ping_status":"closed","template":"","meta":{"footnotes":""},"class_list":["post-1646","page","type-page","status-publish","hentry"],"_links":{"self":[{"href":"https:\/\/tmoyas.com.tr\/tr\/wp-json\/wp\/v2\/pages\/1646","targetHints":{"allow":["GET"]}}],"collection":[{"href":"https:\/\/tmoyas.com.tr\/tr\/wp-json\/wp\/v2\/pages"}],"about":[{"href":"https:\/\/tmoyas.com.tr\/tr\/wp-json\/wp\/v2\/types\/page"}],"author":[{"embeddable":true,"href":"https:\/\/tmoyas.com.tr\/tr\/wp-json\/wp\/v2\/users\/1"}],"replies":[{"embeddable":true,"href":"https:\/\/tmoyas.com.tr\/tr\/wp-json\/wp\/v2\/comments?post=1646"}],"version-history":[{"count":0,"href":"https:\/\/tmoyas.com.tr\/tr\/wp-json\/wp\/v2\/pages\/1646\/revisions"}],"wp:attachment":[{"href":"https:\/\/tmoyas.com.tr\/tr\/wp-json\/wp\/v2\/media?parent=1646"}],"curies":[{"name":"wp","href":"https:\/\/api.w.org\/{rel}","templated":true}]}}